{"id":390,"date":"2024-02-26T16:36:17","date_gmt":"2024-02-26T15:36:17","guid":{"rendered":"https:\/\/officinearfino.it\/?page_id=390"},"modified":"2024-03-15T17:33:14","modified_gmt":"2024-03-15T16:33:14","slug":"settori","status":"publish","type":"page","link":"https:\/\/officinearfino.it\/de\/settori\/","title":{"rendered":"Branchen"},"content":{"rendered":"\t\t<div data-elementor-type=\"wp-page\" data-elementor-id=\"390\" class=\"elementor elementor-390\" data-elementor-post-type=\"page\">\n\t\t\t\t<div class=\"elementor-element elementor-element-717a645 animated-slow e-flex e-con-boxed elementor-invisible e-con e-parent\" data-id=\"717a645\" data-element_type=\"container\" data-settings=\"{&quot;shape_divider_bottom&quot;:&quot;tilt&quot;,&quot;animation&quot;:&quot;pulse&quot;,&quot;background_background&quot;:&quot;classic&quot;}\">\n\t\t\t\t\t<div class=\"e-con-inner\">\n\t\t\t\t<div class=\"elementor-shape elementor-shape-bottom\" data-negative=\"false\">\n\t\t\t<svg xmlns=\"http:\/\/www.w3.org\/2000\/svg\" viewBox=\"0 0 1000 100\" preserveAspectRatio=\"none\">\n\t<path class=\"elementor-shape-fill\" d=\"M0,6V0h1000v100L0,6z\"\/>\n<\/svg>\t\t<\/div>\n\t\t<div class=\"elementor-element elementor-element-7df77b8d e-flex e-con-boxed e-con e-child\" data-id=\"7df77b8d\" data-element_type=\"container\">\n\t\t\t\t\t<div class=\"e-con-inner\">\n\t\t\t\t<div class=\"elementor-element elementor-element-427ccba3 elementor-widget elementor-widget-heading\" data-id=\"427ccba3\" data-element_type=\"widget\" data-widget_type=\"heading.default\">\n\t\t\t\t<div class=\"elementor-widget-container\">\n\t\t\t<h2 class=\"elementor-heading-title elementor-size-default\">Branchen<\/h2>\t\t<\/div>\n\t\t\t\t<\/div>\n\t\t\t\t<div class=\"elementor-element elementor-element-796822a8 elementor-widget__width-auto elementor-widget elementor-widget-text-editor\" data-id=\"796822a8\" data-element_type=\"widget\" data-widget_type=\"text-editor.default\">\n\t\t\t\t<div class=\"elementor-widget-container\">\n\t\t\t\t\t\t\t<p>Wir fertigen gedrehte Komponenten, die den unterschiedlichsten Anwendungen und Branchen entsprechen<br \/><\/p>\t\t\t\t\t\t<\/div>\n\t\t\t\t<\/div>\n\t\t\t\t<div class=\"elementor-element elementor-element-c3c5276 elementor-icon-list--layout-inline elementor-list-item-link-full_width elementor-widget elementor-widget-icon-list\" data-id=\"c3c5276\" data-element_type=\"widget\" data-widget_type=\"icon-list.default\">\n\t\t\t\t<div class=\"elementor-widget-container\">\n\t\t\t\t\t<ul class=\"elementor-icon-list-items elementor-inline-items\">\n\t\t\t\t\t\t\t<li class=\"elementor-icon-list-item elementor-inline-item\">\n\t\t\t\t\t\t\t\t\t\t\t<a href=\"https:\/\/officinearfino.it\/\">\n\n\t\t\t\t\t\t\t\t\t\t\t<span class=\"elementor-icon-list-text\">Home<\/span>\n\t\t\t\t\t\t\t\t\t\t\t<\/a>\n\t\t\t\t\t\t\t\t\t<\/li>\n\t\t\t\t\t\t\t\t<li class=\"elementor-icon-list-item elementor-inline-item\">\n\t\t\t\t\t\t\t\t\t\t\t<a href=\"https:\/\/officinearfino.it\/servizi\/\">\n\n\t\t\t\t\t\t\t\t\t\t\t\t<span class=\"elementor-icon-list-icon\">\n\t\t\t\t\t\t\t<i aria-hidden=\"true\" class=\"jki jki-arrow-right-light\"><\/i>\t\t\t\t\t\t<\/span>\n\t\t\t\t\t\t\t\t\t\t<span class=\"elementor-icon-list-text\">Dienstleistungen<\/span>\n\t\t\t\t\t\t\t\t\t\t\t<\/a>\n\t\t\t\t\t\t\t\t\t<\/li>\n\t\t\t\t\t\t<\/ul>\n\t\t\t\t<\/div>\n\t\t\t\t<\/div>\n\t\t\t\t\t<\/div>\n\t\t\t\t<\/div>\n\t\t\t\t\t<\/div>\n\t\t\t\t<\/div>\n\t\t<div class=\"elementor-element elementor-element-1f51751b e-con-full e-flex e-con e-parent\" data-id=\"1f51751b\" data-element_type=\"container\" data-settings=\"{&quot;background_background&quot;:&quot;classic&quot;}\">\n\t\t<div class=\"elementor-element elementor-element-65c5eb75 e-flex e-con-boxed e-con e-child\" data-id=\"65c5eb75\" data-element_type=\"container\">\n\t\t\t\t\t<div class=\"e-con-inner\">\n\t\t\t\t<div class=\"elementor-element elementor-element-4852301e elementor-widget elementor-widget-text-editor\" data-id=\"4852301e\" data-element_type=\"widget\" data-widget_type=\"text-editor.default\">\n\t\t\t\t<div class=\"elementor-widget-container\">\n\t\t\t\t\t\t\t<p>Arfino, mit 50 Jahren Erfahrung in der Herstellung von gedrehten und gefr\u00e4sten Metallkomponenten, etabliert sich als Referenzpartner f\u00fcr verschiedene industrielle Sektoren, national und international, und liefert Pr\u00e4zisionskomponenten sowie komplette Montagel\u00f6sungen<br \/><\/p>\t\t\t\t\t\t<\/div>\n\t\t\t\t<\/div>\n\t\t\t\t\t<\/div>\n\t\t\t\t<\/div>\n\t\t\t\t<\/div>\n\t\t<div class=\"elementor-element elementor-element-3ab4e399 e-con-full e-flex e-con e-parent\" data-id=\"3ab4e399\" data-element_type=\"container\" data-settings=\"{&quot;background_background&quot;:&quot;classic&quot;}\">\n\t\t<div class=\"elementor-element elementor-element-1a46ad2b e-con-full e-flex e-con e-child\" data-id=\"1a46ad2b\" data-element_type=\"container\">\n\t\t\t\t<div class=\"elementor-element elementor-element-40326e86 elementor-widget elementor-widget-heading\" data-id=\"40326e86\" data-element_type=\"widget\" data-widget_type=\"heading.default\">\n\t\t\t\t<div class=\"elementor-widget-container\">\n\t\t\t<h2 class=\"elementor-heading-title elementor-size-default\">Sanit\u00e4r und Heizungsbranche\n<\/h2>\t\t<\/div>\n\t\t\t\t<\/div>\n\t\t\t\t<\/div>\n\t\t<div class=\"elementor-element elementor-element-612b839f e-con-full e-flex e-con e-child\" data-id=\"612b839f\" data-element_type=\"container\">\n\t\t\t\t<div class=\"elementor-element elementor-element-6a524231 elementor-widget elementor-widget-image\" data-id=\"6a524231\" data-element_type=\"widget\" data-widget_type=\"image.default\">\n\t\t\t\t<div class=\"elementor-widget-container\">\n\t\t\t\t\t\t\t\t\t\t\t\t\t<img fetchpriority=\"high\" decoding=\"async\" width=\"800\" height=\"405\" src=\"https:\/\/officinearfino.it\/wp-content\/uploads\/2024\/03\/settori-4-1024x518.jpg\" class=\"attachment-large size-large wp-image-921\" alt=\"\" srcset=\"https:\/\/officinearfino.it\/wp-content\/uploads\/2024\/03\/settori-4-1024x518.jpg 1024w, https:\/\/officinearfino.it\/wp-content\/uploads\/2024\/03\/settori-4-300x152.jpg 300w, https:\/\/officinearfino.it\/wp-content\/uploads\/2024\/03\/settori-4-768x388.jpg 768w, https:\/\/officinearfino.it\/wp-content\/uploads\/2024\/03\/settori-4-1536x776.jpg 1536w, https:\/\/officinearfino.it\/wp-content\/uploads\/2024\/03\/settori-4-2048x1035.jpg 2048w\" sizes=\"(max-width: 800px) 100vw, 800px\" \/>\t\t\t\t\t\t\t\t\t\t\t\t\t<\/div>\n\t\t\t\t<\/div>\n\t\t\t\t<\/div>\n\t\t\t\t<\/div>\n\t\t<div class=\"elementor-element elementor-element-5fce82ef e-con-full e-flex e-con e-parent\" data-id=\"5fce82ef\" data-element_type=\"container\" data-settings=\"{&quot;background_background&quot;:&quot;classic&quot;}\">\n\t\t<div class=\"elementor-element elementor-element-2eb97a68 e-con-full e-flex e-con e-child\" data-id=\"2eb97a68\" data-element_type=\"container\">\n\t\t\t\t<div class=\"elementor-element elementor-element-2668b289 elementor-widget elementor-widget-heading\" data-id=\"2668b289\" data-element_type=\"widget\" data-widget_type=\"heading.default\">\n\t\t\t\t<div class=\"elementor-widget-container\">\n\t\t\t<h2 class=\"elementor-heading-title elementor-size-default\">HVAC-R\n<\/h2>\t\t<\/div>\n\t\t\t\t<\/div>\n\t\t\t\t<\/div>\n\t\t<div class=\"elementor-element elementor-element-4e0b2157 e-con-full e-flex e-con e-child\" data-id=\"4e0b2157\" data-element_type=\"container\">\n\t\t\t\t<div class=\"elementor-element elementor-element-4c80501d elementor-widget elementor-widget-image\" data-id=\"4c80501d\" data-element_type=\"widget\" data-widget_type=\"image.default\">\n\t\t\t\t<div class=\"elementor-widget-container\">\n\t\t\t\t\t\t\t\t\t\t\t\t\t<img decoding=\"async\" width=\"800\" height=\"405\" src=\"https:\/\/officinearfino.it\/wp-content\/uploads\/2024\/03\/HVAC-R-ok-1024x518.jpg\" class=\"attachment-large size-large wp-image-1146\" alt=\"\" srcset=\"https:\/\/officinearfino.it\/wp-content\/uploads\/2024\/03\/HVAC-R-ok-1024x518.jpg 1024w, https:\/\/officinearfino.it\/wp-content\/uploads\/2024\/03\/HVAC-R-ok-300x152.jpg 300w, https:\/\/officinearfino.it\/wp-content\/uploads\/2024\/03\/HVAC-R-ok-768x388.jpg 768w, https:\/\/officinearfino.it\/wp-content\/uploads\/2024\/03\/HVAC-R-ok-1536x776.jpg 1536w, https:\/\/officinearfino.it\/wp-content\/uploads\/2024\/03\/HVAC-R-ok-2048x1035.jpg 2048w\" sizes=\"(max-width: 800px) 100vw, 800px\" \/>\t\t\t\t\t\t\t\t\t\t\t\t\t<\/div>\n\t\t\t\t<\/div>\n\t\t\t\t<\/div>\n\t\t\t\t<\/div>\n\t\t<div class=\"elementor-element elementor-element-27eef2bf e-con-full e-flex e-con e-parent\" data-id=\"27eef2bf\" data-element_type=\"container\" data-settings=\"{&quot;background_background&quot;:&quot;classic&quot;}\">\n\t\t<div class=\"elementor-element elementor-element-2b3293b2 e-con-full e-flex e-con e-child\" data-id=\"2b3293b2\" data-element_type=\"container\">\n\t\t\t\t<div class=\"elementor-element elementor-element-2b05d58 elementor-widget elementor-widget-heading\" data-id=\"2b05d58\" data-element_type=\"widget\" data-widget_type=\"heading.default\">\n\t\t\t\t<div class=\"elementor-widget-container\">\n\t\t\t<h2 class=\"elementor-heading-title elementor-size-default\">Feuer und Gas Sicherheitssysteme\n<\/h2>\t\t<\/div>\n\t\t\t\t<\/div>\n\t\t\t\t<\/div>\n\t\t<div class=\"elementor-element elementor-element-69d4b0d6 e-con-full e-flex e-con e-child\" data-id=\"69d4b0d6\" data-element_type=\"container\">\n\t\t\t\t<div class=\"elementor-element elementor-element-35ea4375 elementor-widget elementor-widget-image\" data-id=\"35ea4375\" data-element_type=\"widget\" data-widget_type=\"image.default\">\n\t\t\t\t<div class=\"elementor-widget-container\">\n\t\t\t\t\t\t\t\t\t\t\t\t\t<img decoding=\"async\" width=\"800\" height=\"405\" src=\"https:\/\/officinearfino.it\/wp-content\/uploads\/2024\/03\/fire-gas-1024x518.jpg\" class=\"attachment-large size-large wp-image-922\" alt=\"\" srcset=\"https:\/\/officinearfino.it\/wp-content\/uploads\/2024\/03\/fire-gas-1024x518.jpg 1024w, https:\/\/officinearfino.it\/wp-content\/uploads\/2024\/03\/fire-gas-300x152.jpg 300w, https:\/\/officinearfino.it\/wp-content\/uploads\/2024\/03\/fire-gas-768x388.jpg 768w, https:\/\/officinearfino.it\/wp-content\/uploads\/2024\/03\/fire-gas-1536x776.jpg 1536w, https:\/\/officinearfino.it\/wp-content\/uploads\/2024\/03\/fire-gas-2048x1035.jpg 2048w\" sizes=\"(max-width: 800px) 100vw, 800px\" \/>\t\t\t\t\t\t\t\t\t\t\t\t\t<\/div>\n\t\t\t\t<\/div>\n\t\t\t\t<\/div>\n\t\t\t\t<\/div>\n\t\t<div class=\"elementor-element elementor-element-c11be13 e-con-full e-flex e-con e-parent\" data-id=\"c11be13\" data-element_type=\"container\" data-settings=\"{&quot;background_background&quot;:&quot;classic&quot;}\">\n\t\t<div class=\"elementor-element elementor-element-08d3d8a e-con-full e-flex e-con e-child\" data-id=\"08d3d8a\" data-element_type=\"container\">\n\t\t\t\t<div class=\"elementor-element elementor-element-1b23ada elementor-widget elementor-widget-heading\" data-id=\"1b23ada\" data-element_type=\"widget\" data-widget_type=\"heading.default\">\n\t\t\t\t<div class=\"elementor-widget-container\">\n\t\t\t<h2 class=\"elementor-heading-title elementor-size-default\">Pneumatik und Hydraulik\n\n<\/h2>\t\t<\/div>\n\t\t\t\t<\/div>\n\t\t\t\t<\/div>\n\t\t<div class=\"elementor-element elementor-element-66a5cd1 e-con-full e-flex e-con e-child\" data-id=\"66a5cd1\" data-element_type=\"container\">\n\t\t\t\t<div class=\"elementor-element elementor-element-d1b91e8 elementor-widget elementor-widget-image\" data-id=\"d1b91e8\" data-element_type=\"widget\" data-widget_type=\"image.default\">\n\t\t\t\t<div class=\"elementor-widget-container\">\n\t\t\t\t\t\t\t\t\t\t\t\t\t<img loading=\"lazy\" decoding=\"async\" width=\"800\" height=\"405\" src=\"https:\/\/officinearfino.it\/wp-content\/uploads\/2024\/03\/pneumatica-oleodinamica-1024x518.jpg\" class=\"attachment-large size-large wp-image-923\" alt=\"\" srcset=\"https:\/\/officinearfino.it\/wp-content\/uploads\/2024\/03\/pneumatica-oleodinamica-1024x518.jpg 1024w, https:\/\/officinearfino.it\/wp-content\/uploads\/2024\/03\/pneumatica-oleodinamica-300x152.jpg 300w, https:\/\/officinearfino.it\/wp-content\/uploads\/2024\/03\/pneumatica-oleodinamica-768x388.jpg 768w, https:\/\/officinearfino.it\/wp-content\/uploads\/2024\/03\/pneumatica-oleodinamica-1536x776.jpg 1536w, https:\/\/officinearfino.it\/wp-content\/uploads\/2024\/03\/pneumatica-oleodinamica-2048x1035.jpg 2048w\" sizes=\"(max-width: 800px) 100vw, 800px\" \/>\t\t\t\t\t\t\t\t\t\t\t\t\t<\/div>\n\t\t\t\t<\/div>\n\t\t\t\t<\/div>\n\t\t\t\t<\/div>\n\t\t<div class=\"elementor-element elementor-element-993268e e-con-full e-flex e-con e-parent\" data-id=\"993268e\" data-element_type=\"container\" data-settings=\"{&quot;background_background&quot;:&quot;classic&quot;}\">\n\t\t<div class=\"elementor-element elementor-element-8245fb7 e-con-full e-flex e-con e-child\" data-id=\"8245fb7\" data-element_type=\"container\">\n\t\t\t\t<div class=\"elementor-element elementor-element-5baf9c8 elementor-widget elementor-widget-heading\" data-id=\"5baf9c8\" data-element_type=\"widget\" data-widget_type=\"heading.default\">\n\t\t\t\t<div class=\"elementor-widget-container\">\n\t\t\t<h2 class=\"elementor-heading-title elementor-size-default\">Elektromechanische Industrie\n<\/h2>\t\t<\/div>\n\t\t\t\t<\/div>\n\t\t\t\t<\/div>\n\t\t<div class=\"elementor-element elementor-element-e16432b e-con-full e-flex e-con e-child\" data-id=\"e16432b\" data-element_type=\"container\">\n\t\t\t\t<div class=\"elementor-element elementor-element-43ff288 elementor-widget elementor-widget-image\" data-id=\"43ff288\" data-element_type=\"widget\" data-widget_type=\"image.default\">\n\t\t\t\t<div class=\"elementor-widget-container\">\n\t\t\t\t\t\t\t\t\t\t\t\t\t<img loading=\"lazy\" decoding=\"async\" width=\"800\" height=\"405\" src=\"https:\/\/officinearfino.it\/wp-content\/uploads\/2024\/03\/elettromeccanica-1024x518.jpg\" class=\"attachment-large size-large wp-image-925\" alt=\"\" srcset=\"https:\/\/officinearfino.it\/wp-content\/uploads\/2024\/03\/elettromeccanica-1024x518.jpg 1024w, https:\/\/officinearfino.it\/wp-content\/uploads\/2024\/03\/elettromeccanica-300x152.jpg 300w, https:\/\/officinearfino.it\/wp-content\/uploads\/2024\/03\/elettromeccanica-768x388.jpg 768w, https:\/\/officinearfino.it\/wp-content\/uploads\/2024\/03\/elettromeccanica-1536x776.jpg 1536w, https:\/\/officinearfino.it\/wp-content\/uploads\/2024\/03\/elettromeccanica-2048x1035.jpg 2048w\" sizes=\"(max-width: 800px) 100vw, 800px\" \/>\t\t\t\t\t\t\t\t\t\t\t\t\t<\/div>\n\t\t\t\t<\/div>\n\t\t\t\t<\/div>\n\t\t\t\t<\/div>\n\t\t<div class=\"elementor-element elementor-element-a1d94d2 e-con-full e-flex e-con e-parent\" data-id=\"a1d94d2\" data-element_type=\"container\" data-settings=\"{&quot;background_background&quot;:&quot;classic&quot;}\">\n\t\t<div class=\"elementor-element elementor-element-3f42c87 e-con-full e-flex e-con e-child\" data-id=\"3f42c87\" data-element_type=\"container\">\n\t\t\t\t<div class=\"elementor-element elementor-element-fdb858c elementor-widget elementor-widget-heading\" data-id=\"fdb858c\" data-element_type=\"widget\" data-widget_type=\"heading.default\">\n\t\t\t\t<div class=\"elementor-widget-container\">\n\t\t\t<h2 class=\"elementor-heading-title elementor-size-default\">Steuerungs und Regelungstechnik\n<\/h2>\t\t<\/div>\n\t\t\t\t<\/div>\n\t\t\t\t<\/div>\n\t\t<div class=\"elementor-element elementor-element-8e451e7 e-con-full e-flex e-con e-child\" data-id=\"8e451e7\" data-element_type=\"container\">\n\t\t\t\t<div class=\"elementor-element elementor-element-963aeea elementor-widget elementor-widget-image\" data-id=\"963aeea\" data-element_type=\"widget\" data-widget_type=\"image.default\">\n\t\t\t\t<div class=\"elementor-widget-container\">\n\t\t\t\t\t\t\t\t\t\t\t\t\t<img loading=\"lazy\" decoding=\"async\" width=\"800\" height=\"405\" src=\"https:\/\/officinearfino.it\/wp-content\/uploads\/2024\/03\/meccanica-1024x518.jpg\" class=\"attachment-large size-large wp-image-924\" alt=\"\" srcset=\"https:\/\/officinearfino.it\/wp-content\/uploads\/2024\/03\/meccanica-1024x518.jpg 1024w, https:\/\/officinearfino.it\/wp-content\/uploads\/2024\/03\/meccanica-300x152.jpg 300w, https:\/\/officinearfino.it\/wp-content\/uploads\/2024\/03\/meccanica-768x388.jpg 768w, https:\/\/officinearfino.it\/wp-content\/uploads\/2024\/03\/meccanica-1536x776.jpg 1536w, https:\/\/officinearfino.it\/wp-content\/uploads\/2024\/03\/meccanica-2048x1035.jpg 2048w\" sizes=\"(max-width: 800px) 100vw, 800px\" \/>\t\t\t\t\t\t\t\t\t\t\t\t\t<\/div>\n\t\t\t\t<\/div>\n\t\t\t\t<\/div>\n\t\t\t\t<\/div>\n\t\t<div class=\"elementor-element elementor-element-88e4689 e-flex e-con-boxed e-con e-parent\" data-id=\"88e4689\" data-element_type=\"container\" data-settings=\"{&quot;background_background&quot;:&quot;classic&quot;}\">\n\t\t\t\t\t<div class=\"e-con-inner\">\n\t\t\t\t<div class=\"elementor-element elementor-element-c988d43 elementor-widget elementor-widget-spacer\" data-id=\"c988d43\" data-element_type=\"widget\" data-widget_type=\"spacer.default\">\n\t\t\t\t<div class=\"elementor-widget-container\">\n\t\t\t\t\t<div class=\"elementor-spacer\">\n\t\t\t<div class=\"elementor-spacer-inner\"><\/div>\n\t\t<\/div>\n\t\t\t\t<\/div>\n\t\t\t\t<\/div>\n\t\t\t\t<div class=\"elementor-element elementor-element-4f698a55 elementor-widget elementor-widget-heading\" data-id=\"4f698a55\" data-element_type=\"widget\" data-widget_type=\"heading.default\">\n\t\t\t\t<div class=\"elementor-widget-container\">\n\t\t\t<h3 class=\"elementor-heading-title elementor-size-default\">Anfragen Kontakt\n<\/h3>\t\t<\/div>\n\t\t\t\t<\/div>\n\t\t\t\t<div class=\"elementor-element elementor-element-46faafbe elementor-widget elementor-widget-text-editor\" data-id=\"46faafbe\" data-element_type=\"widget\" data-widget_type=\"text-editor.default\">\n\t\t\t\t<div class=\"elementor-widget-container\">\n\t\t\t\t\t\t\t<p>UM EIN ANGEBOT ZU ERHALTEN, UM HILFE ODER WEITERE INFORMATIONEN ZU ERHALTEN<\/p>\t\t\t\t\t\t<\/div>\n\t\t\t\t<\/div>\n\t\t\t\t<div class=\"elementor-element elementor-element-7550b776 elementor-mobile-align-center elementor-align-center elementor-widget elementor-widget-button\" data-id=\"7550b776\" data-element_type=\"widget\" data-widget_type=\"button.default\">\n\t\t\t\t<div class=\"elementor-widget-container\">\n\t\t\t\t\t<div class=\"elementor-button-wrapper\">\n\t\t\t<a class=\"elementor-button elementor-button-link elementor-size-sm\" href=\"https:\/\/officinearfino.it\/contatti\/\">\n\t\t\t\t\t\t<span class=\"elementor-button-content-wrapper\">\n\t\t\t\t\t\t\t\t\t<span class=\"elementor-button-text\">Kontakt <\/span>\n\t\t\t\t\t<\/span>\n\t\t\t\t\t<\/a>\n\t\t<\/div>\n\t\t\t\t<\/div>\n\t\t\t\t<\/div>\n\t\t\t\t\t<\/div>\n\t\t\t\t<\/div>\n\t\t\t\t<\/div>\n\t\t","protected":false},"excerpt":{"rendered":"<p>Branchen Wir fertigen gedrehte Komponenten, die den unterschiedlichsten Anwendungen und Branchen entsprechen Home Dienstleistungen Arfino, mit 50 Jahren Erfahrung in der Herstellung von gedrehten und gefr\u00e4sten Metallkomponenten, etabliert sich als Referenzpartner f\u00fcr verschiedene industrielle Sektoren, national und international, und liefert Pr\u00e4zisionskomponenten sowie komplette Montagel\u00f6sungen Sanit\u00e4r und Heizungsbranche HVAC-R Feuer und Gas Sicherheitssysteme Pneumatik und Hydraulik [&hellip;]<\/p>\n","protected":false},"author":1,"featured_media":0,"parent":0,"menu_order":0,"comment_status":"closed","ping_status":"closed","template":"","meta":{"iawp_total_views":594,"footnotes":""},"class_list":["post-390","page","type-page","status-publish","hentry"],"_links":{"self":[{"href":"https:\/\/officinearfino.it\/de\/wp-json\/wp\/v2\/pages\/390","targetHints":{"allow":["GET"]}}],"collection":[{"href":"https:\/\/officinearfino.it\/de\/wp-json\/wp\/v2\/pages"}],"about":[{"href":"https:\/\/officinearfino.it\/de\/wp-json\/wp\/v2\/types\/page"}],"author":[{"embeddable":true,"href":"https:\/\/officinearfino.it\/de\/wp-json\/wp\/v2\/users\/1"}],"replies":[{"embeddable":true,"href":"https:\/\/officinearfino.it\/de\/wp-json\/wp\/v2\/comments?post=390"}],"version-history":[{"count":45,"href":"https:\/\/officinearfino.it\/de\/wp-json\/wp\/v2\/pages\/390\/revisions"}],"predecessor-version":[{"id":1517,"href":"https:\/\/officinearfino.it\/de\/wp-json\/wp\/v2\/pages\/390\/revisions\/1517"}],"wp:attachment":[{"href":"https:\/\/officinearfino.it\/de\/wp-json\/wp\/v2\/media?parent=390"}],"curies":[{"name":"wp","href":"https:\/\/api.w.org\/{rel}","templated":true}]}}